{"id":285,"date":"2014-07-31T11:49:47","date_gmt":"2014-07-31T09:49:47","guid":{"rendered":"http:\/\/www.tiere-kommunikation.de\/?page_id=285"},"modified":"2019-05-16T14:22:30","modified_gmt":"2019-05-16T12:22:30","slug":"bachblueten","status":"publish","type":"page","link":"https:\/\/www.tiere-kommunikation.de\/?page_id=285","title":{"rendered":"Bachbl\u00fcten"},"content":{"rendered":"<p><span style=\"color: #000000;\">Die\u00a0<em>Bachbl\u00fcten-Therapie<\/em>\u00a0wurde von dem Engl\u00e4nder Dr. Edward Bach entwickelt und basiert auf der Idee, dass die gebundene Energie von Bl\u00fcten eine regulierende Wirkung auf psychische Zust\u00e4nde von Menschen und Tieren hat. Die 38 Bl\u00fctenessenzen helfen den Kontakt zur Seele wieder herzustellen und beeinflussen dadurch Gem\u00fct und Verhalten, durch diese psychische Wirkung k\u00f6nnen h\u00e4ufig auch k\u00f6rperliche Symptome gebessert werden.<\/span><\/p>\n","protected":false},"excerpt":{"rendered":"<p>Die\u00a0Bachbl\u00fcten-Therapie\u00a0wurde von dem Engl\u00e4nder Dr. Edward Bach entwickelt und basiert auf der Idee, dass die gebundene Energie von Bl\u00fcten eine regulierende Wirkung auf psychische Zust\u00e4nde von Menschen und Tieren hat. Die 38 Bl\u00fctenessenzen helfen den Kontakt zur Seele wieder herzustellen und beeinflussen dadurch Gem\u00fct und Verhalten, durch diese psychische Wirkung k\u00f6nnen h\u00e4ufig auch k\u00f6rperliche Symptome [&hellip;]<\/p>\n","protected":false},"author":2,"featured_media":0,"parent":0,"menu_order":0,"comment_status":"open","ping_status":"open","template":"","meta":[],"_links":{"self":[{"href":"https:\/\/www.tiere-kommunikation.de\/index.php?rest_route=\/wp\/v2\/pages\/285"}],"collection":[{"href":"https:\/\/www.tiere-kommunikation.de\/index.php?rest_route=\/wp\/v2\/pages"}],"about":[{"href":"https:\/\/www.tiere-kommunikation.de\/index.php?rest_route=\/wp\/v2\/types\/page"}],"author":[{"embeddable":true,"href":"https:\/\/www.tiere-kommunikation.de\/index.php?rest_route=\/wp\/v2\/users\/2"}],"replies":[{"embeddable":true,"href":"https:\/\/www.tiere-kommunikation.de\/index.php?rest_route=%2Fwp%2Fv2%2Fcomments&post=285"}],"version-history":[{"count":5,"href":"https:\/\/www.tiere-kommunikation.de\/index.php?rest_route=\/wp\/v2\/pages\/285\/revisions"}],"predecessor-version":[{"id":1086,"href":"https:\/\/www.tiere-kommunikation.de\/index.php?rest_route=\/wp\/v2\/pages\/285\/revisions\/1086"}],"wp:attachment":[{"href":"https:\/\/www.tiere-kommunikation.de\/index.php?rest_route=%2Fwp%2Fv2%2Fmedia&parent=285"}],"curies":[{"name":"wp","href":"https:\/\/api.w.org\/{rel}","templated":true}]}}