{"id":288,"date":"2014-07-31T11:51:03","date_gmt":"2014-07-31T09:51:03","guid":{"rendered":"http:\/\/www.tiere-kommunikation.de\/?page_id=288"},"modified":"2018-02-12T12:10:36","modified_gmt":"2018-02-12T10:10:36","slug":"homoeopathie","status":"publish","type":"page","link":"https:\/\/www.tiere-kommunikation.de\/?page_id=288","title":{"rendered":"Hom\u00f6opathie"},"content":{"rendered":"<p><span style=\"color: #000000;\">Die<em>\u00a0Hom\u00f6opathie<\/em>\u00a0ist eine eigenst\u00e4ndige Therapie mit einer klar definierten Vorgehensweise. Die Hom\u00f6opathie beruht auf einem Naturgesetz: \u201e\u00c4hnliches wird durch \u00c4hnliches geheilt\u201d (Similia similibus curentur). Die Hom\u00f6opathie wird auch als die sanfte Heilweise bezeichnet und aktiviert die Selbstheilungskr\u00e4fte des Organismus. Man kann die Hom\u00f6opathie auch als Reiztherapie bezeichnen, die die Selbstheilungskr\u00e4fte des Organismus aktiviert bzw. in die richtigen Bahnen lenkt.<\/span><\/p>\n","protected":false},"excerpt":{"rendered":"<p>Die\u00a0Hom\u00f6opathie\u00a0ist eine eigenst\u00e4ndige Therapie mit einer klar definierten Vorgehensweise. Die Hom\u00f6opathie beruht auf einem Naturgesetz: \u201e\u00c4hnliches wird durch \u00c4hnliches geheilt\u201d (Similia similibus curentur). Die Hom\u00f6opathie wird auch als die sanfte Heilweise bezeichnet und aktiviert die Selbstheilungskr\u00e4fte des Organismus. Man kann die Hom\u00f6opathie auch als Reiztherapie bezeichnen, die die Selbstheilungskr\u00e4fte des Organismus aktiviert bzw. in die [&hellip;]<\/p>\n","protected":false},"author":2,"featured_media":0,"parent":0,"menu_order":0,"comment_status":"open","ping_status":"open","template":"","meta":[],"_links":{"self":[{"href":"https:\/\/www.tiere-kommunikation.de\/index.php?rest_route=\/wp\/v2\/pages\/288"}],"collection":[{"href":"https:\/\/www.tiere-kommunikation.de\/index.php?rest_route=\/wp\/v2\/pages"}],"about":[{"href":"https:\/\/www.tiere-kommunikation.de\/index.php?rest_route=\/wp\/v2\/types\/page"}],"author":[{"embeddable":true,"href":"https:\/\/www.tiere-kommunikation.de\/index.php?rest_route=\/wp\/v2\/users\/2"}],"replies":[{"embeddable":true,"href":"https:\/\/www.tiere-kommunikation.de\/index.php?rest_route=%2Fwp%2Fv2%2Fcomments&post=288"}],"version-history":[{"count":2,"href":"https:\/\/www.tiere-kommunikation.de\/index.php?rest_route=\/wp\/v2\/pages\/288\/revisions"}],"predecessor-version":[{"id":458,"href":"https:\/\/www.tiere-kommunikation.de\/index.php?rest_route=\/wp\/v2\/pages\/288\/revisions\/458"}],"wp:attachment":[{"href":"https:\/\/www.tiere-kommunikation.de\/index.php?rest_route=%2Fwp%2Fv2%2Fmedia&parent=288"}],"curies":[{"name":"wp","href":"https:\/\/api.w.org\/{rel}","templated":true}]}}