{"id":290,"date":"2014-07-31T11:51:33","date_gmt":"2014-07-31T09:51:33","guid":{"rendered":"http:\/\/www.tiere-kommunikation.de\/?page_id=290"},"modified":"2019-05-16T14:23:22","modified_gmt":"2019-05-16T12:23:22","slug":"biochemie-schuessler-salze","status":"publish","type":"page","link":"https:\/\/www.tiere-kommunikation.de\/?page_id=290","title":{"rendered":"Sch\u00fcssler Salze"},"content":{"rendered":"<p><span style=\"color: #000000;\">Die\u00a0<em>Sch\u00fcssler Salze<\/em>\u00a0z\u00e4hlen zwar zur hom\u00f6opathischen Arznei (auch sie werden potenziert angewendet), grenzen sich jedoch deutlich von der klassischen Hom\u00f6opathie ab. Bei der Klassischen Hom\u00f6opathie gilt das \u00c4hnlichkeitsprinzip, w\u00e4hrend die Biochemie Salze verwendet, die dem Stoffwechsel homogen sind und zum Zweck des Ausgleichs eines Mangels angewendet werden. Dr. Wilhelm Sch\u00fcssler ging davon aus, dass durch einen Mangel an Mineralstoffen Krankheiten entstehen, die durch deren Zufuhr wieder geheilt werden k\u00f6nnen.<\/span><\/p>\n","protected":false},"excerpt":{"rendered":"<p>Die\u00a0Sch\u00fcssler Salze\u00a0z\u00e4hlen zwar zur hom\u00f6opathischen Arznei (auch sie werden potenziert angewendet), grenzen sich jedoch deutlich von der klassischen Hom\u00f6opathie ab. Bei der Klassischen Hom\u00f6opathie gilt das \u00c4hnlichkeitsprinzip, w\u00e4hrend die Biochemie Salze verwendet, die dem Stoffwechsel homogen sind und zum Zweck des Ausgleichs eines Mangels angewendet werden. Dr. Wilhelm Sch\u00fcssler ging davon aus, dass durch einen [&hellip;]<\/p>\n","protected":false},"author":2,"featured_media":0,"parent":0,"menu_order":0,"comment_status":"open","ping_status":"open","template":"","meta":[],"_links":{"self":[{"href":"https:\/\/www.tiere-kommunikation.de\/index.php?rest_route=\/wp\/v2\/pages\/290"}],"collection":[{"href":"https:\/\/www.tiere-kommunikation.de\/index.php?rest_route=\/wp\/v2\/pages"}],"about":[{"href":"https:\/\/www.tiere-kommunikation.de\/index.php?rest_route=\/wp\/v2\/types\/page"}],"author":[{"embeddable":true,"href":"https:\/\/www.tiere-kommunikation.de\/index.php?rest_route=\/wp\/v2\/users\/2"}],"replies":[{"embeddable":true,"href":"https:\/\/www.tiere-kommunikation.de\/index.php?rest_route=%2Fwp%2Fv2%2Fcomments&post=290"}],"version-history":[{"count":3,"href":"https:\/\/www.tiere-kommunikation.de\/index.php?rest_route=\/wp\/v2\/pages\/290\/revisions"}],"predecessor-version":[{"id":1088,"href":"https:\/\/www.tiere-kommunikation.de\/index.php?rest_route=\/wp\/v2\/pages\/290\/revisions\/1088"}],"wp:attachment":[{"href":"https:\/\/www.tiere-kommunikation.de\/index.php?rest_route=%2Fwp%2Fv2%2Fmedia&parent=290"}],"curies":[{"name":"wp","href":"https:\/\/api.w.org\/{rel}","templated":true}]}}