{"id":294,"date":"2014-07-31T11:52:23","date_gmt":"2014-07-31T09:52:23","guid":{"rendered":"http:\/\/www.tiere-kommunikation.de\/?page_id=294"},"modified":"2018-02-12T12:11:05","modified_gmt":"2018-02-12T10:11:05","slug":"reiki","status":"publish","type":"page","link":"https:\/\/www.tiere-kommunikation.de\/?page_id=294","title":{"rendered":"Reiki"},"content":{"rendered":"<p><span style=\"color: #000000;\"><em>Reiki \u2013 universelle Lebensenergie.<br \/>\n<\/em>Die Energiebahnen \u201eChakren\u201c, die sich auch in den 7 Farben des Regenbogens aus der Farbtherapie widerspiegeln, k\u00f6nnen durch Reiki positiv beeinflusst und die Energie ins flie\u00dfen gebracht werden. Dadurch werden Verspannungen und Blockaden im K\u00f6rper gel\u00f6st, die Gedanken beruhigen sich. Der Organismus kann Energie tanken und die Selbstheilungsmechanismen des K\u00f6rpers aktivieren.<\/span><\/p>\n<p><span style=\"color: #000000;\"><em>Chakren \u2013 die\u00a0 Energiebahnen<\/em><\/span><br \/>\n<span style=\"color: #000000;\"> Die Chakren sind feinstoffliche Energiewirbel im und au\u00dferhalb des K\u00f6rpers, welche die Aufgabe erf\u00fcllen, Energien von au\u00dfen aufzunehmen und Energiesystem zuzuf\u00fchren. Chakren sind organisch ebenso wenig wie die Seele vorhanden, haben jedoch in verschiedenen Bereichen, wie zum Beispiel dem Yoga, Meditation, Reiki, Ayurveda, Farblehre und in der Traditionellen Chinesischen Medizin, seit Jahrtausenden ihren Stellenwert.<\/span><\/p>\n<p><span style=\"color: #000000;\">Sieben der Chakren, werden als Hauptenergiezentren angesehen und befinden sich entlang der senkrechten Mittelachse des K\u00f6rpers. Jedes der sieben Hauptchakren steht f\u00fcr einen bestimmten Lebensbereich. Wenn alle Chakren einwandfrei und gleichm\u00e4\u00dfig arbeiten, f\u00fchlt man sich gesund und zufrieden.<\/span><\/p>\n<p><span style=\"color: #000000;\">Durch traumatische Ereignisse oder andere Situationen k\u00f6nnen diese Energiebahnen blockiert werden und dadurch Bereiche unseres Energiesystems, an einer Unterversorgung leiden.<\/span><\/p>\n","protected":false},"excerpt":{"rendered":"<p>Reiki \u2013 universelle Lebensenergie. Die Energiebahnen \u201eChakren\u201c, die sich auch in den 7 Farben des Regenbogens aus der Farbtherapie widerspiegeln, k\u00f6nnen durch Reiki positiv beeinflusst und die Energie ins flie\u00dfen gebracht werden. Dadurch werden Verspannungen und Blockaden im K\u00f6rper gel\u00f6st, die Gedanken beruhigen sich. Der Organismus kann Energie tanken und die Selbstheilungsmechanismen des K\u00f6rpers aktivieren. [&hellip;]<\/p>\n","protected":false},"author":2,"featured_media":0,"parent":0,"menu_order":0,"comment_status":"open","ping_status":"open","template":"","meta":[],"_links":{"self":[{"href":"https:\/\/www.tiere-kommunikation.de\/index.php?rest_route=\/wp\/v2\/pages\/294"}],"collection":[{"href":"https:\/\/www.tiere-kommunikation.de\/index.php?rest_route=\/wp\/v2\/pages"}],"about":[{"href":"https:\/\/www.tiere-kommunikation.de\/index.php?rest_route=\/wp\/v2\/types\/page"}],"author":[{"embeddable":true,"href":"https:\/\/www.tiere-kommunikation.de\/index.php?rest_route=\/wp\/v2\/users\/2"}],"replies":[{"embeddable":true,"href":"https:\/\/www.tiere-kommunikation.de\/index.php?rest_route=%2Fwp%2Fv2%2Fcomments&post=294"}],"version-history":[{"count":2,"href":"https:\/\/www.tiere-kommunikation.de\/index.php?rest_route=\/wp\/v2\/pages\/294\/revisions"}],"predecessor-version":[{"id":459,"href":"https:\/\/www.tiere-kommunikation.de\/index.php?rest_route=\/wp\/v2\/pages\/294\/revisions\/459"}],"wp:attachment":[{"href":"https:\/\/www.tiere-kommunikation.de\/index.php?rest_route=%2Fwp%2Fv2%2Fmedia&parent=294"}],"curies":[{"name":"wp","href":"https:\/\/api.w.org\/{rel}","templated":true}]}}