{"id":608,"date":"2018-05-09T13:15:03","date_gmt":"2018-05-09T11:15:03","guid":{"rendered":"http:\/\/www.tiere-kommunikation.de\/?page_id=608"},"modified":"2019-08-02T11:19:02","modified_gmt":"2019-08-02T09:19:02","slug":"einsatzbereiche","status":"publish","type":"page","link":"https:\/\/www.tiere-kommunikation.de\/?page_id=608","title":{"rendered":"Workshop"},"content":{"rendered":"<h3><strong>Systemische Aufstellung f\u00fcr Tiere &#8211; interaktiver Workshop<\/strong><\/h3>\n<p><strong><em>\u00a0<\/em><\/strong><strong><em>Inhalt des Workshops?<\/em><\/strong><\/p>\n<ul>\n<li><strong>Befindlichkeiten ersp\u00fcren<\/strong><\/li>\n<li><strong>Situation darstellen<\/strong><\/li>\n<li><strong>Ursachen ergr\u00fcnden<\/strong><\/li>\n<li><strong>L\u00f6sungswege erarbeiten <\/strong><\/li>\n<li><strong>Ordnung schaffen<\/strong><\/li>\n<li><strong>Ver\u00e4nderungen optimieren<\/strong><\/li>\n<\/ul>\n<p><strong>Tiere<\/strong> sind f\u00fcr sich ein \u201eeigenst\u00e4ndiges\u201c <strong><em>System<\/em><\/strong>. In Gruppen, Herden, Rudel und\u00a0mit Menschen sind Tiere \u201eTeil\u201c eines\u00a0<strong><em>Systems<\/em><\/strong>.<br \/>\nEin <strong><em>System<\/em><\/strong> besteht aus verschiedenen Elementen die sich gegenseitig beeinflussen. Ver\u00e4ndert sich ein Teil oder etwas im <strong><em>System<\/em><\/strong>, hat das Auswirkungen auf den Einzelnen und aufs ganze <strong><em>System<\/em><\/strong>.<\/p>\n<p><strong><em>Was ist eine Systemische Aufstellung?<br \/>\n<\/em><\/strong>Eine\u00a0<em>Systemische Aufstellung<\/em>\u00a0bezeichnet eine Praktik, in der Personen, Figuren oder Zettel stellvertretend die Rolle f\u00fcr Mitglieder, Teile oder Aspekte eines Systems \u00fcbernehmen und zueinander in Beziehung (auf-) gestellt werden. (<em>Quelle: Definition Wikipedia<\/em>)<\/p>\n<p><strong><em>Warum eine Systemische Aufstellung?<br \/>\n<\/em><\/strong><em>Systemische Aufstellungen<\/em> sind eine wirkungsvolle und effiziente Methode, um Wahrnehmung und Befindlichkeit eines Tieres zu ersp\u00fcren. Durch den Einsatz materieller Hilfsmittel (Stellvertreter, Zettel, Figuren, Bilder) k\u00f6nnen Ursachen und Hintergr\u00fcnde veranschaulicht und gleichzeitig L\u00f6sungswege gefunden werden.<\/p>\n<p><strong><em>Was erwartet Sie?<br \/>\n<\/em><\/strong>Die Gruppe \u201estellt\u201c nach Anleitung die Themen der einzelnen Teilnehmer auf. Dazu agieren die Teilnehmer als Stellvertreter f\u00fcr die Rollen, die das jeweilige Thema ben\u00f6tigt. Die Teilnehmer interpretieren die Ihnen \u00fcbertragene Stellvertreterposition und kommunizieren ihre Wahrnehmung. Sie lernen die Aufstellungstechnik kennen und \u00fcben ihre F\u00e4higkeit der sensiblen Wahrnehmung.<\/p>\n<p><strong><em>Was bringen Sie mit?<br \/>\n<\/em><\/strong>Ein Thema das Sie selbst aufstellen wollen und \/ oder die Bereitschaft f\u00fcr andere Teilnehmer zu deren Themen in der Gruppe zu wirken.<\/p>\n<p><strong><em>Was kostet der Workshop?<\/em><\/strong><\/p>\n<table width=\"80%\">\n<tbody>\n<tr>\n<td width=\"41%\"><strong>Workshop<\/strong><\/td>\n<td width=\"34%\"><strong>Mit eigener Aufstellung<\/strong><\/td>\n<td width=\"24%\"><strong>Als Stellvertreter<\/strong><\/td>\n<\/tr>\n<tr>\n<td width=\"41%\">3 Stunden max. 2 Aufstellungen<\/td>\n<td width=\"34%\">125\u20ac *<\/td>\n<td width=\"24%\">25\u20ac<\/td>\n<\/tr>\n<tr>\n<td width=\"41%\">6 Stunden max. 4 Aufstellungen<\/td>\n<td width=\"34%\">150\u20ac *<\/td>\n<td width=\"24%\">50\u20ac<\/td>\n<\/tr>\n<tr>\n<td colspan=\"3\" width=\"100%\"><em>*Bei Buchung mit eigener Aufstellung ist 1 weitere Person als Stellvertreter inklusive.<\/em><\/td>\n<\/tr>\n<\/tbody>\n<\/table>\n<p><strong><em>Wann findet der Workshop statt?<br \/>\n<\/em><\/strong>Termine werden individuell bei Anfragen und entsprechenden Teilnehmern festgelegt.<\/p>\n","protected":false},"excerpt":{"rendered":"<p>Systemische Aufstellung f\u00fcr Tiere &#8211; interaktiver Workshop \u00a0Inhalt des Workshops? Befindlichkeiten ersp\u00fcren Situation darstellen Ursachen ergr\u00fcnden L\u00f6sungswege erarbeiten Ordnung schaffen Ver\u00e4nderungen optimieren Tiere sind f\u00fcr sich ein \u201eeigenst\u00e4ndiges\u201c System. In Gruppen, Herden, Rudel und\u00a0mit Menschen sind Tiere \u201eTeil\u201c eines\u00a0Systems. Ein System besteht aus verschiedenen Elementen die sich gegenseitig beeinflussen. Ver\u00e4ndert sich ein Teil oder etwas [&hellip;]<\/p>\n","protected":false},"author":2,"featured_media":0,"parent":0,"menu_order":0,"comment_status":"open","ping_status":"open","template":"","meta":[],"_links":{"self":[{"href":"https:\/\/www.tiere-kommunikation.de\/index.php?rest_route=\/wp\/v2\/pages\/608"}],"collection":[{"href":"https:\/\/www.tiere-kommunikation.de\/index.php?rest_route=\/wp\/v2\/pages"}],"about":[{"href":"https:\/\/www.tiere-kommunikation.de\/index.php?rest_route=\/wp\/v2\/types\/page"}],"author":[{"embeddable":true,"href":"https:\/\/www.tiere-kommunikation.de\/index.php?rest_route=\/wp\/v2\/users\/2"}],"replies":[{"embeddable":true,"href":"https:\/\/www.tiere-kommunikation.de\/index.php?rest_route=%2Fwp%2Fv2%2Fcomments&post=608"}],"version-history":[{"count":100,"href":"https:\/\/www.tiere-kommunikation.de\/index.php?rest_route=\/wp\/v2\/pages\/608\/revisions"}],"predecessor-version":[{"id":1122,"href":"https:\/\/www.tiere-kommunikation.de\/index.php?rest_route=\/wp\/v2\/pages\/608\/revisions\/1122"}],"wp:attachment":[{"href":"https:\/\/www.tiere-kommunikation.de\/index.php?rest_route=%2Fwp%2Fv2%2Fmedia&parent=608"}],"curies":[{"name":"wp","href":"https:\/\/api.w.org\/{rel}","templated":true}]}}